{"id":2143,"date":"2026-04-24T12:57:05","date_gmt":"2026-04-24T12:57:05","guid":{"rendered":"https:\/\/thesocialgaminggroup.com\/no\/?post_type=product&#038;p=2143"},"modified":"2026-04-24T13:00:34","modified_gmt":"2026-04-24T13:00:34","slug":"flyby-darts-spisser-og-barrel-sett-med-3","status":"publish","type":"product","link":"https:\/\/thesocialgaminggroup.com\/no\/product\/flyby-darts-spisser-og-barrel-sett-med-3\/","title":{"rendered":"FLYBY Darts spisser og barrel (sett med 3)"},"content":{"rendered":"<div class=\"u-wysiwyg\"><p data-start=\"105\" data-end=\"234\"><strong data-start=\"105\" data-end=\"128\">Produktbeskrivelse:<\/strong><br data-start=\"128\" data-end=\"131\" \/>Offisielle Winmau-deler med st\u00e5ltupp (barrel og spisser), designet for bruk med FLYBY Darts-systemet.<\/p>\n<p data-start=\"236\" data-end=\"509\">Hvert sett inneholder 3 komplette turkise barrel- og spiss-seksjoner, presisjonsmaskinert i st\u00e5l og legering for optimal balanse, grep og langvarig n\u00f8yaktighet. Disse komponentene har samme vekt, f\u00f8lelse og byggekvalitet som originalpilene levert med alle FLYBY-systemer.<\/p>\n<p data-start=\"511\" data-end=\"736\"><strong data-start=\"511\" data-end=\"526\">Egenskaper:<\/strong><br data-start=\"526\" data-end=\"529\" \/>\u2022 Originale Winmau-deler med st\u00e5ltupp<br data-start=\"566\" data-end=\"569\" \/>\u2022 Inkluderer b\u00e5de barrel og spiss i hver del<br data-start=\"613\" data-end=\"616\" \/>\u2022 Maskinert for balanse, presisjon og holdbarhet<br data-start=\"664\" data-end=\"667\" \/>\u2022 Kompatibel med alle FLYBY Darts-oppsett<br data-start=\"708\" data-end=\"711\" \/>\u2022 Selges som sett med 3<\/p>\n<\/div>","protected":false},"excerpt":{"rendered":"<section class=\"text-token-text-primary w-full focus:outline-none [--shadow-height:45px] has-data-writing-block:pointer-events-none has-data-writing-block:-mt-(--shadow-height) has-data-writing-block:pt-(--shadow-height) [&amp;:has([data-writing-block])&gt;*]:pointer-events-auto [content-visibility:auto] supports-[content-visibility:auto]:[contain-intrinsic-size:auto_100lvh] R6Vx5W_threadScrollVars scroll-mb-[calc(var(--scroll-root-safe-area-inset-bottom,0px)+var(--thread-response-height))] scroll-mt-[calc(var(--header-height)+min(200px,max(70px,20svh)))]\" dir=\"auto\" data-turn-id=\"request-69de0066-1b84-8388-a7ec-d36ecd2e43ac-20\" data-testid=\"conversation-turn-48\" data-scroll-anchor=\"false\" data-turn=\"assistant\">\n<div class=\"text-base my-auto mx-auto pb-10 [--thread-content-margin:var(--thread-content-margin-xs,calc(var(--spacing)*4))] @w-sm\/main:[--thread-content-margin:var(--thread-content-margin-sm,calc(var(--spacing)*6))] @w-lg\/main:[--thread-content-margin:var(--thread-content-margin-lg,calc(var(--spacing)*16))] px-(--thread-content-margin)\">\n<div class=\"[--thread-content-max-width:40rem] @w-lg\/main:[--thread-content-max-width:48rem] mx-auto max-w-(--thread-content-max-width) flex-1 group\/turn-messages focus-visible:outline-hidden relative flex w-full min-w-0 flex-col agent-turn\">\n<div class=\"flex max-w-full flex-col gap-4 grow\">\n<div class=\"min-h-8 text-message relative flex w-full flex-col items-end gap-2 text-start break-words whitespace-normal outline-none keyboard-focused:focus-ring [.text-message+&amp;]:mt-1\" dir=\"auto\" tabindex=\"0\" data-message-author-role=\"assistant\" data-message-id=\"15086abc-6a97-4570-805a-d4643026926a\" data-message-model-slug=\"gpt-5-3\" data-turn-start-message=\"true\">\n<div class=\"flex w-full flex-col gap-1 empty:hidden\">\n<div class=\"markdown prose dark:prose-invert w-full wrap-break-word light markdown-new-styling\">\n<p data-start=\"0\" data-end=\"102\" data-is-last-node=\"\" data-is-only-node=\"\">Sett med 3 offisielle Winmau barrel-seksjoner med st\u00e5ltupp \u2013 presise erstatningsdeler for FLYBY Darts.<\/p>\n<\/div>\n<\/div>\n<\/div>\n<\/div>\n<\/div>\n<\/div>\n<\/section>\n","protected":false},"featured_media":2134,"template":"","meta":{"_acf_changed":false},"product_brand":[],"product_cat":[32],"product_tag":[],"class_list":{"0":"post-2143","1":"product","2":"type-product","3":"status-publish","4":"has-post-thumbnail","6":"product_cat-darts","8":"first","9":"instock","10":"taxable","11":"shipping-taxable","12":"purchasable","13":"product-type-simple"},"acf":[],"yoast_head":"<!-- This site is optimized with the Yoast SEO plugin v27.5 - https:\/\/yoast.com\/product\/yoast-seo-wordpress\/ -->\n<title>FLYBY Darts spisser og barrel (sett med 3) - The Social Gaming Group - Norge<\/title>\n<meta name=\"robots\" content=\"index, follow, max-snippet:-1, max-image-preview:large, max-video-preview:-1\" \/>\n<link rel=\"canonical\" href=\"https:\/\/thesocialgaminggroup.com\/no\/product\/flyby-darts-spisser-og-barrel-sett-med-3\/\" \/>\n<meta property=\"og:locale\" content=\"en_GB\" \/>\n<meta property=\"og:type\" content=\"article\" \/>\n<meta property=\"og:title\" content=\"FLYBY Darts spisser og barrel (sett med 3) - The Social Gaming Group - Norge\" \/>\n<meta property=\"og:description\" content=\"Sett med 3 offisielle Winmau barrel-seksjoner med st\u00e5ltupp \u2013 presise erstatningsdeler for FLYBY Darts.\" \/>\n<meta property=\"og:url\" content=\"https:\/\/thesocialgaminggroup.com\/no\/product\/flyby-darts-spisser-og-barrel-sett-med-3\/\" \/>\n<meta property=\"og:site_name\" content=\"The Social Gaming Group - Norge\" \/>\n<meta property=\"article:modified_time\" content=\"2026-04-24T13:00:34+00:00\" \/>\n<meta property=\"og:image\" content=\"https:\/\/thesocialgaminggroup.com\/no\/wp-content\/uploads\/sites\/2\/2025\/03\/FLYBY-Dart-Tips@15x.jpg\" \/>\n\t<meta property=\"og:image:width\" content=\"1513\" \/>\n\t<meta property=\"og:image:height\" content=\"1400\" \/>\n\t<meta property=\"og:image:type\" content=\"image\/jpeg\" \/>\n<meta name=\"twitter:card\" content=\"summary_large_image\" \/>\n<meta name=\"twitter:label1\" content=\"Estimated reading time\" \/>\n\t<meta name=\"twitter:data1\" content=\"1 minute\" \/>\n<script type=\"application\/ld+json\" class=\"yoast-schema-graph\">{\"@context\":\"https:\\\/\\\/schema.org\",\"@graph\":[{\"@type\":[\"WebPage\",\"ItemPage\"],\"@id\":\"https:\\\/\\\/thesocialgaminggroup.com\\\/no\\\/product\\\/flyby-darts-spisser-og-barrel-sett-med-3\\\/\",\"url\":\"https:\\\/\\\/thesocialgaminggroup.com\\\/no\\\/product\\\/flyby-darts-spisser-og-barrel-sett-med-3\\\/\",\"name\":\"FLYBY Darts spisser og barrel (sett med 3) - The Social Gaming Group - Norge\",\"isPartOf\":{\"@id\":\"https:\\\/\\\/thesocialgaminggroup.com\\\/no\\\/#website\"},\"primaryImageOfPage\":{\"@id\":\"https:\\\/\\\/thesocialgaminggroup.com\\\/no\\\/product\\\/flyby-darts-spisser-og-barrel-sett-med-3\\\/#primaryimage\"},\"image\":{\"@id\":\"https:\\\/\\\/thesocialgaminggroup.com\\\/no\\\/product\\\/flyby-darts-spisser-og-barrel-sett-med-3\\\/#primaryimage\"},\"thumbnailUrl\":\"https:\\\/\\\/thesocialgaminggroup.com\\\/no\\\/wp-content\\\/uploads\\\/sites\\\/2\\\/2025\\\/03\\\/FLYBY-Dart-Tips@15x.jpg\",\"datePublished\":\"2026-04-24T12:57:05+00:00\",\"dateModified\":\"2026-04-24T13:00:34+00:00\",\"breadcrumb\":{\"@id\":\"https:\\\/\\\/thesocialgaminggroup.com\\\/no\\\/product\\\/flyby-darts-spisser-og-barrel-sett-med-3\\\/#breadcrumb\"},\"inLanguage\":\"en-GB\",\"potentialAction\":[{\"@type\":\"ReadAction\",\"target\":[\"https:\\\/\\\/thesocialgaminggroup.com\\\/no\\\/product\\\/flyby-darts-spisser-og-barrel-sett-med-3\\\/\"]}]},{\"@type\":\"ImageObject\",\"inLanguage\":\"en-GB\",\"@id\":\"https:\\\/\\\/thesocialgaminggroup.com\\\/no\\\/product\\\/flyby-darts-spisser-og-barrel-sett-med-3\\\/#primaryimage\",\"url\":\"https:\\\/\\\/thesocialgaminggroup.com\\\/no\\\/wp-content\\\/uploads\\\/sites\\\/2\\\/2025\\\/03\\\/FLYBY-Dart-Tips@15x.jpg\",\"contentUrl\":\"https:\\\/\\\/thesocialgaminggroup.com\\\/no\\\/wp-content\\\/uploads\\\/sites\\\/2\\\/2025\\\/03\\\/FLYBY-Dart-Tips@15x.jpg\",\"width\":1513,\"height\":1400},{\"@type\":\"WebSite\",\"@id\":\"https:\\\/\\\/thesocialgaminggroup.com\\\/no\\\/#website\",\"url\":\"https:\\\/\\\/thesocialgaminggroup.com\\\/no\\\/\",\"name\":\"The Social Gaming Group - Norge\",\"description\":\"Seriously great games.\",\"publisher\":{\"@id\":\"https:\\\/\\\/thesocialgaminggroup.com\\\/no\\\/#organization\"},\"potentialAction\":[{\"@type\":\"SearchAction\",\"target\":{\"@type\":\"EntryPoint\",\"urlTemplate\":\"https:\\\/\\\/thesocialgaminggroup.com\\\/no\\\/?s={search_term_string}\"},\"query-input\":{\"@type\":\"PropertyValueSpecification\",\"valueRequired\":true,\"valueName\":\"search_term_string\"}}],\"inLanguage\":\"en-GB\"},{\"@type\":\"Organization\",\"@id\":\"https:\\\/\\\/thesocialgaminggroup.com\\\/no\\\/#organization\",\"name\":\"Social Gaming Group\",\"url\":\"https:\\\/\\\/thesocialgaminggroup.com\\\/no\\\/\",\"logo\":{\"@type\":\"ImageObject\",\"inLanguage\":\"en-GB\",\"@id\":\"https:\\\/\\\/thesocialgaminggroup.com\\\/no\\\/#\\\/schema\\\/logo\\\/image\\\/\",\"url\":\"https:\\\/\\\/thesocialgaminggroup.com\\\/no\\\/wp-content\\\/uploads\\\/sites\\\/2\\\/2023\\\/09\\\/logo-SGG.png\",\"contentUrl\":\"https:\\\/\\\/thesocialgaminggroup.com\\\/no\\\/wp-content\\\/uploads\\\/sites\\\/2\\\/2023\\\/09\\\/logo-SGG.png\",\"width\":259,\"height\":106,\"caption\":\"Social Gaming Group\"},\"image\":{\"@id\":\"https:\\\/\\\/thesocialgaminggroup.com\\\/no\\\/#\\\/schema\\\/logo\\\/image\\\/\"}}]}<\/script>\n<!-- \/ Yoast SEO plugin. -->","yoast_head_json":{"title":"FLYBY Darts spisser og barrel (sett med 3) - The Social Gaming Group - Norge","robots":{"index":"index","follow":"follow","max-snippet":"max-snippet:-1","max-image-preview":"max-image-preview:large","max-video-preview":"max-video-preview:-1"},"canonical":"https:\/\/thesocialgaminggroup.com\/no\/product\/flyby-darts-spisser-og-barrel-sett-med-3\/","og_locale":"en_GB","og_type":"article","og_title":"FLYBY Darts spisser og barrel (sett med 3) - The Social Gaming Group - Norge","og_description":"Sett med 3 offisielle Winmau barrel-seksjoner med st\u00e5ltupp \u2013 presise erstatningsdeler for FLYBY Darts.","og_url":"https:\/\/thesocialgaminggroup.com\/no\/product\/flyby-darts-spisser-og-barrel-sett-med-3\/","og_site_name":"The Social Gaming Group - Norge","article_modified_time":"2026-04-24T13:00:34+00:00","og_image":[{"width":1513,"height":1400,"url":"https:\/\/thesocialgaminggroup.com\/no\/wp-content\/uploads\/sites\/2\/2025\/03\/FLYBY-Dart-Tips@15x.jpg","type":"image\/jpeg"}],"twitter_card":"summary_large_image","twitter_misc":{"Estimated reading time":"1 minute"},"schema":{"@context":"https:\/\/schema.org","@graph":[{"@type":["WebPage","ItemPage"],"@id":"https:\/\/thesocialgaminggroup.com\/no\/product\/flyby-darts-spisser-og-barrel-sett-med-3\/","url":"https:\/\/thesocialgaminggroup.com\/no\/product\/flyby-darts-spisser-og-barrel-sett-med-3\/","name":"FLYBY Darts spisser og barrel (sett med 3) - The Social Gaming Group - Norge","isPartOf":{"@id":"https:\/\/thesocialgaminggroup.com\/no\/#website"},"primaryImageOfPage":{"@id":"https:\/\/thesocialgaminggroup.com\/no\/product\/flyby-darts-spisser-og-barrel-sett-med-3\/#primaryimage"},"image":{"@id":"https:\/\/thesocialgaminggroup.com\/no\/product\/flyby-darts-spisser-og-barrel-sett-med-3\/#primaryimage"},"thumbnailUrl":"https:\/\/thesocialgaminggroup.com\/no\/wp-content\/uploads\/sites\/2\/2025\/03\/FLYBY-Dart-Tips@15x.jpg","datePublished":"2026-04-24T12:57:05+00:00","dateModified":"2026-04-24T13:00:34+00:00","breadcrumb":{"@id":"https:\/\/thesocialgaminggroup.com\/no\/product\/flyby-darts-spisser-og-barrel-sett-med-3\/#breadcrumb"},"inLanguage":"en-GB","potentialAction":[{"@type":"ReadAction","target":["https:\/\/thesocialgaminggroup.com\/no\/product\/flyby-darts-spisser-og-barrel-sett-med-3\/"]}]},{"@type":"ImageObject","inLanguage":"en-GB","@id":"https:\/\/thesocialgaminggroup.com\/no\/product\/flyby-darts-spisser-og-barrel-sett-med-3\/#primaryimage","url":"https:\/\/thesocialgaminggroup.com\/no\/wp-content\/uploads\/sites\/2\/2025\/03\/FLYBY-Dart-Tips@15x.jpg","contentUrl":"https:\/\/thesocialgaminggroup.com\/no\/wp-content\/uploads\/sites\/2\/2025\/03\/FLYBY-Dart-Tips@15x.jpg","width":1513,"height":1400},{"@type":"WebSite","@id":"https:\/\/thesocialgaminggroup.com\/no\/#website","url":"https:\/\/thesocialgaminggroup.com\/no\/","name":"The Social Gaming Group - Norge","description":"Seriously great games.","publisher":{"@id":"https:\/\/thesocialgaminggroup.com\/no\/#organization"},"potentialAction":[{"@type":"SearchAction","target":{"@type":"EntryPoint","urlTemplate":"https:\/\/thesocialgaminggroup.com\/no\/?s={search_term_string}"},"query-input":{"@type":"PropertyValueSpecification","valueRequired":true,"valueName":"search_term_string"}}],"inLanguage":"en-GB"},{"@type":"Organization","@id":"https:\/\/thesocialgaminggroup.com\/no\/#organization","name":"Social Gaming Group","url":"https:\/\/thesocialgaminggroup.com\/no\/","logo":{"@type":"ImageObject","inLanguage":"en-GB","@id":"https:\/\/thesocialgaminggroup.com\/no\/#\/schema\/logo\/image\/","url":"https:\/\/thesocialgaminggroup.com\/no\/wp-content\/uploads\/sites\/2\/2023\/09\/logo-SGG.png","contentUrl":"https:\/\/thesocialgaminggroup.com\/no\/wp-content\/uploads\/sites\/2\/2023\/09\/logo-SGG.png","width":259,"height":106,"caption":"Social Gaming Group"},"image":{"@id":"https:\/\/thesocialgaminggroup.com\/no\/#\/schema\/logo\/image\/"}}]}},"_links":{"self":[{"href":"https:\/\/thesocialgaminggroup.com\/no\/wp-json\/wp\/v2\/product\/2143","targetHints":{"allow":["GET"]}}],"collection":[{"href":"https:\/\/thesocialgaminggroup.com\/no\/wp-json\/wp\/v2\/product"}],"about":[{"href":"https:\/\/thesocialgaminggroup.com\/no\/wp-json\/wp\/v2\/types\/product"}],"wp:featuredmedia":[{"embeddable":true,"href":"https:\/\/thesocialgaminggroup.com\/no\/wp-json\/wp\/v2\/media\/2134"}],"wp:attachment":[{"href":"https:\/\/thesocialgaminggroup.com\/no\/wp-json\/wp\/v2\/media?parent=2143"}],"wp:term":[{"taxonomy":"product_brand","embeddable":true,"href":"https:\/\/thesocialgaminggroup.com\/no\/wp-json\/wp\/v2\/product_brand?post=2143"},{"taxonomy":"product_cat","embeddable":true,"href":"https:\/\/thesocialgaminggroup.com\/no\/wp-json\/wp\/v2\/product_cat?post=2143"},{"taxonomy":"product_tag","embeddable":true,"href":"https:\/\/thesocialgaminggroup.com\/no\/wp-json\/wp\/v2\/product_tag?post=2143"}],"curies":[{"name":"wp","href":"https:\/\/api.w.org\/{rel}","templated":true}]}}