{"id":1706,"date":"2025-02-21T07:45:27","date_gmt":"2025-02-21T07:45:27","guid":{"rendered":"https:\/\/thesocialgaminggroup.com\/no\/?post_type=product&#038;p=1706"},"modified":"2026-03-26T23:00:13","modified_gmt":"2026-03-26T23:00:13","slug":"flyby-cork-ring-standard","status":"publish","type":"product","link":"https:\/\/thesocialgaminggroup.com\/no\/product\/flyby-cork-ring-standard\/","title":{"rendered":"FLYBY Darts Corkring &#8211; standard &#8211; 1 sided"},"content":{"rendered":"<div class=\"u-wysiwyg\"><p data-start=\"1451\" data-end=\"1515\">En erstatningsring i kork for eksisterende FLYBY Darts-kunder.<\/p>\n<p data-start=\"1517\" data-end=\"1768\">Utviklet for \u00e5 beskytte darttavlen og omr\u00e5det rundt, samtidig som den opprettholder et profesjonelt uttrykk. Ringen passer n\u00f8yaktig til alle FLYBY Darts-oppsett og er laget av tett kork av h\u00f8y kvalitet som reduserer avvisninger og slitasje over tid.<\/p>\n<p data-start=\"1770\" data-end=\"1842\"><strong data-start=\"1770\" data-end=\"1783\">Tykkelse:<\/strong> 25 mm<br data-start=\"1789\" data-end=\"1792\" \/><strong data-start=\"1792\" data-end=\"1812\">Tilgjengelighet:<\/strong> Kun for eksisterende kunder<\/p>\n<\/div>","protected":false},"excerpt":{"rendered":"<p data-start=\"868\" data-end=\"1007\">Enkeltsidig erstatningsring i kork for FLYBY Darts \u2013 kun for eksisterende kunder.<\/p>\n","protected":false},"featured_media":1703,"template":"","meta":{"_acf_changed":false},"product_brand":[],"product_cat":[32],"product_tag":[],"class_list":{"0":"post-1706","1":"product","2":"type-product","3":"status-publish","4":"has-post-thumbnail","6":"product_cat-darts","8":"first","9":"instock","10":"taxable","11":"shipping-taxable","12":"purchasable","13":"product-type-simple"},"acf":[],"yoast_head":"<!-- This site is optimized with the Yoast SEO plugin v27.5 - https:\/\/yoast.com\/product\/yoast-seo-wordpress\/ -->\n<title>FLYBY Darts Corkring - standard - 1 sided - The Social Gaming Group - Norge<\/title>\n<meta name=\"robots\" content=\"index, follow, max-snippet:-1, max-image-preview:large, max-video-preview:-1\" \/>\n<link rel=\"canonical\" href=\"https:\/\/thesocialgaminggroup.com\/no\/product\/flyby-cork-ring-standard\/\" \/>\n<meta property=\"og:locale\" content=\"en_GB\" \/>\n<meta property=\"og:type\" content=\"article\" \/>\n<meta property=\"og:title\" content=\"FLYBY Darts Corkring - standard - 1 sided - The Social Gaming Group - Norge\" \/>\n<meta property=\"og:description\" content=\"Enkeltsidig erstatningsring i kork for FLYBY Darts \u2013 kun for eksisterende kunder.\" \/>\n<meta property=\"og:url\" content=\"https:\/\/thesocialgaminggroup.com\/no\/product\/flyby-cork-ring-standard\/\" \/>\n<meta property=\"og:site_name\" content=\"The Social Gaming Group - Norge\" \/>\n<meta property=\"article:modified_time\" content=\"2026-03-26T23:00:13+00:00\" \/>\n<meta property=\"og:image\" content=\"https:\/\/thesocialgaminggroup.com\/no\/wp-content\/uploads\/sites\/2\/2025\/02\/Skjermbilde-2025-02-20-kl.-14.31.06.jpg\" \/>\n\t<meta property=\"og:image:width\" content=\"592\" \/>\n\t<meta property=\"og:image:height\" content=\"577\" \/>\n\t<meta property=\"og:image:type\" content=\"image\/jpeg\" \/>\n<meta name=\"twitter:card\" content=\"summary_large_image\" \/>\n<meta name=\"twitter:label1\" content=\"Estimated reading time\" \/>\n\t<meta name=\"twitter:data1\" content=\"1 minute\" \/>\n<script type=\"application\/ld+json\" class=\"yoast-schema-graph\">{\"@context\":\"https:\\\/\\\/schema.org\",\"@graph\":[{\"@type\":[\"WebPage\",\"ItemPage\"],\"@id\":\"https:\\\/\\\/thesocialgaminggroup.com\\\/no\\\/product\\\/flyby-cork-ring-standard\\\/\",\"url\":\"https:\\\/\\\/thesocialgaminggroup.com\\\/no\\\/product\\\/flyby-cork-ring-standard\\\/\",\"name\":\"FLYBY Darts Corkring - standard - 1 sided - The Social Gaming Group - Norge\",\"isPartOf\":{\"@id\":\"https:\\\/\\\/thesocialgaminggroup.com\\\/no\\\/#website\"},\"primaryImageOfPage\":{\"@id\":\"https:\\\/\\\/thesocialgaminggroup.com\\\/no\\\/product\\\/flyby-cork-ring-standard\\\/#primaryimage\"},\"image\":{\"@id\":\"https:\\\/\\\/thesocialgaminggroup.com\\\/no\\\/product\\\/flyby-cork-ring-standard\\\/#primaryimage\"},\"thumbnailUrl\":\"https:\\\/\\\/thesocialgaminggroup.com\\\/no\\\/wp-content\\\/uploads\\\/sites\\\/2\\\/2025\\\/02\\\/Skjermbilde-2025-02-20-kl.-14.31.06.jpg\",\"datePublished\":\"2025-02-21T07:45:27+00:00\",\"dateModified\":\"2026-03-26T23:00:13+00:00\",\"breadcrumb\":{\"@id\":\"https:\\\/\\\/thesocialgaminggroup.com\\\/no\\\/product\\\/flyby-cork-ring-standard\\\/#breadcrumb\"},\"inLanguage\":\"en-GB\",\"potentialAction\":[{\"@type\":\"ReadAction\",\"target\":[\"https:\\\/\\\/thesocialgaminggroup.com\\\/no\\\/product\\\/flyby-cork-ring-standard\\\/\"]}]},{\"@type\":\"ImageObject\",\"inLanguage\":\"en-GB\",\"@id\":\"https:\\\/\\\/thesocialgaminggroup.com\\\/no\\\/product\\\/flyby-cork-ring-standard\\\/#primaryimage\",\"url\":\"https:\\\/\\\/thesocialgaminggroup.com\\\/no\\\/wp-content\\\/uploads\\\/sites\\\/2\\\/2025\\\/02\\\/Skjermbilde-2025-02-20-kl.-14.31.06.jpg\",\"contentUrl\":\"https:\\\/\\\/thesocialgaminggroup.com\\\/no\\\/wp-content\\\/uploads\\\/sites\\\/2\\\/2025\\\/02\\\/Skjermbilde-2025-02-20-kl.-14.31.06.jpg\",\"width\":592,\"height\":577,\"caption\":\"Screenshot\"},{\"@type\":\"WebSite\",\"@id\":\"https:\\\/\\\/thesocialgaminggroup.com\\\/no\\\/#website\",\"url\":\"https:\\\/\\\/thesocialgaminggroup.com\\\/no\\\/\",\"name\":\"The Social Gaming Group - Norge\",\"description\":\"Seriously great games.\",\"publisher\":{\"@id\":\"https:\\\/\\\/thesocialgaminggroup.com\\\/no\\\/#organization\"},\"potentialAction\":[{\"@type\":\"SearchAction\",\"target\":{\"@type\":\"EntryPoint\",\"urlTemplate\":\"https:\\\/\\\/thesocialgaminggroup.com\\\/no\\\/?s={search_term_string}\"},\"query-input\":{\"@type\":\"PropertyValueSpecification\",\"valueRequired\":true,\"valueName\":\"search_term_string\"}}],\"inLanguage\":\"en-GB\"},{\"@type\":\"Organization\",\"@id\":\"https:\\\/\\\/thesocialgaminggroup.com\\\/no\\\/#organization\",\"name\":\"Social Gaming Group\",\"url\":\"https:\\\/\\\/thesocialgaminggroup.com\\\/no\\\/\",\"logo\":{\"@type\":\"ImageObject\",\"inLanguage\":\"en-GB\",\"@id\":\"https:\\\/\\\/thesocialgaminggroup.com\\\/no\\\/#\\\/schema\\\/logo\\\/image\\\/\",\"url\":\"https:\\\/\\\/thesocialgaminggroup.com\\\/no\\\/wp-content\\\/uploads\\\/sites\\\/2\\\/2023\\\/09\\\/logo-SGG.png\",\"contentUrl\":\"https:\\\/\\\/thesocialgaminggroup.com\\\/no\\\/wp-content\\\/uploads\\\/sites\\\/2\\\/2023\\\/09\\\/logo-SGG.png\",\"width\":259,\"height\":106,\"caption\":\"Social Gaming Group\"},\"image\":{\"@id\":\"https:\\\/\\\/thesocialgaminggroup.com\\\/no\\\/#\\\/schema\\\/logo\\\/image\\\/\"}}]}<\/script>\n<!-- \/ Yoast SEO plugin. -->","yoast_head_json":{"title":"FLYBY Darts Corkring - standard - 1 sided - The Social Gaming Group - Norge","robots":{"index":"index","follow":"follow","max-snippet":"max-snippet:-1","max-image-preview":"max-image-preview:large","max-video-preview":"max-video-preview:-1"},"canonical":"https:\/\/thesocialgaminggroup.com\/no\/product\/flyby-cork-ring-standard\/","og_locale":"en_GB","og_type":"article","og_title":"FLYBY Darts Corkring - standard - 1 sided - The Social Gaming Group - Norge","og_description":"Enkeltsidig erstatningsring i kork for FLYBY Darts \u2013 kun for eksisterende kunder.","og_url":"https:\/\/thesocialgaminggroup.com\/no\/product\/flyby-cork-ring-standard\/","og_site_name":"The Social Gaming Group - Norge","article_modified_time":"2026-03-26T23:00:13+00:00","og_image":[{"width":592,"height":577,"url":"https:\/\/thesocialgaminggroup.com\/no\/wp-content\/uploads\/sites\/2\/2025\/02\/Skjermbilde-2025-02-20-kl.-14.31.06.jpg","type":"image\/jpeg"}],"twitter_card":"summary_large_image","twitter_misc":{"Estimated reading time":"1 minute"},"schema":{"@context":"https:\/\/schema.org","@graph":[{"@type":["WebPage","ItemPage"],"@id":"https:\/\/thesocialgaminggroup.com\/no\/product\/flyby-cork-ring-standard\/","url":"https:\/\/thesocialgaminggroup.com\/no\/product\/flyby-cork-ring-standard\/","name":"FLYBY Darts Corkring - standard - 1 sided - The Social Gaming Group - Norge","isPartOf":{"@id":"https:\/\/thesocialgaminggroup.com\/no\/#website"},"primaryImageOfPage":{"@id":"https:\/\/thesocialgaminggroup.com\/no\/product\/flyby-cork-ring-standard\/#primaryimage"},"image":{"@id":"https:\/\/thesocialgaminggroup.com\/no\/product\/flyby-cork-ring-standard\/#primaryimage"},"thumbnailUrl":"https:\/\/thesocialgaminggroup.com\/no\/wp-content\/uploads\/sites\/2\/2025\/02\/Skjermbilde-2025-02-20-kl.-14.31.06.jpg","datePublished":"2025-02-21T07:45:27+00:00","dateModified":"2026-03-26T23:00:13+00:00","breadcrumb":{"@id":"https:\/\/thesocialgaminggroup.com\/no\/product\/flyby-cork-ring-standard\/#breadcrumb"},"inLanguage":"en-GB","potentialAction":[{"@type":"ReadAction","target":["https:\/\/thesocialgaminggroup.com\/no\/product\/flyby-cork-ring-standard\/"]}]},{"@type":"ImageObject","inLanguage":"en-GB","@id":"https:\/\/thesocialgaminggroup.com\/no\/product\/flyby-cork-ring-standard\/#primaryimage","url":"https:\/\/thesocialgaminggroup.com\/no\/wp-content\/uploads\/sites\/2\/2025\/02\/Skjermbilde-2025-02-20-kl.-14.31.06.jpg","contentUrl":"https:\/\/thesocialgaminggroup.com\/no\/wp-content\/uploads\/sites\/2\/2025\/02\/Skjermbilde-2025-02-20-kl.-14.31.06.jpg","width":592,"height":577,"caption":"Screenshot"},{"@type":"WebSite","@id":"https:\/\/thesocialgaminggroup.com\/no\/#website","url":"https:\/\/thesocialgaminggroup.com\/no\/","name":"The Social Gaming Group - Norge","description":"Seriously great games.","publisher":{"@id":"https:\/\/thesocialgaminggroup.com\/no\/#organization"},"potentialAction":[{"@type":"SearchAction","target":{"@type":"EntryPoint","urlTemplate":"https:\/\/thesocialgaminggroup.com\/no\/?s={search_term_string}"},"query-input":{"@type":"PropertyValueSpecification","valueRequired":true,"valueName":"search_term_string"}}],"inLanguage":"en-GB"},{"@type":"Organization","@id":"https:\/\/thesocialgaminggroup.com\/no\/#organization","name":"Social Gaming Group","url":"https:\/\/thesocialgaminggroup.com\/no\/","logo":{"@type":"ImageObject","inLanguage":"en-GB","@id":"https:\/\/thesocialgaminggroup.com\/no\/#\/schema\/logo\/image\/","url":"https:\/\/thesocialgaminggroup.com\/no\/wp-content\/uploads\/sites\/2\/2023\/09\/logo-SGG.png","contentUrl":"https:\/\/thesocialgaminggroup.com\/no\/wp-content\/uploads\/sites\/2\/2023\/09\/logo-SGG.png","width":259,"height":106,"caption":"Social Gaming Group"},"image":{"@id":"https:\/\/thesocialgaminggroup.com\/no\/#\/schema\/logo\/image\/"}}]}},"_links":{"self":[{"href":"https:\/\/thesocialgaminggroup.com\/no\/wp-json\/wp\/v2\/product\/1706","targetHints":{"allow":["GET"]}}],"collection":[{"href":"https:\/\/thesocialgaminggroup.com\/no\/wp-json\/wp\/v2\/product"}],"about":[{"href":"https:\/\/thesocialgaminggroup.com\/no\/wp-json\/wp\/v2\/types\/product"}],"wp:featuredmedia":[{"embeddable":true,"href":"https:\/\/thesocialgaminggroup.com\/no\/wp-json\/wp\/v2\/media\/1703"}],"wp:attachment":[{"href":"https:\/\/thesocialgaminggroup.com\/no\/wp-json\/wp\/v2\/media?parent=1706"}],"wp:term":[{"taxonomy":"product_brand","embeddable":true,"href":"https:\/\/thesocialgaminggroup.com\/no\/wp-json\/wp\/v2\/product_brand?post=1706"},{"taxonomy":"product_cat","embeddable":true,"href":"https:\/\/thesocialgaminggroup.com\/no\/wp-json\/wp\/v2\/product_cat?post=1706"},{"taxonomy":"product_tag","embeddable":true,"href":"https:\/\/thesocialgaminggroup.com\/no\/wp-json\/wp\/v2\/product_tag?post=1706"}],"curies":[{"name":"wp","href":"https:\/\/api.w.org\/{rel}","templated":true}]}}