{"id":1704,"date":"2025-02-21T07:40:18","date_gmt":"2025-02-21T07:40:18","guid":{"rendered":"https:\/\/thesocialgaminggroup.com\/no\/?post_type=product&#038;p=1704"},"modified":"2026-04-16T16:15:17","modified_gmt":"2026-04-16T16:15:17","slug":"dartboard-winmau-blade-6","status":"publish","type":"product","link":"https:\/\/thesocialgaminggroup.com\/no\/product\/dartboard-winmau-blade-6\/","title":{"rendered":"Winmau Blade 6 darttavle"},"content":{"rendered":"<div class=\"u-wysiwyg\"><p data-start=\"1121\" data-end=\"1225\">En profesjonell darttavle fra Winmau, kompatibel med alle FLYBY Darts-oppsett og egnet for bruk alene.<\/p>\n<p data-start=\"1227\" data-end=\"1509\">Blade 6 representerer den nyeste generasjonen av presisjonsdesign og produksjon, og gir eksepsjonell spillbarhet, holdbarhet og treffsikkerhet. Tavlen benytter Winmaus <strong data-start=\"1395\" data-end=\"1420\">Density Control\u2122-tr\u00e5d<\/strong>, som sikrer optimal fibertetthet og bedre feste for pilene i de viktigste poengsonene.<\/p>\n<p data-start=\"1511\" data-end=\"1736\">Den ultratynne 60\u00b0-vinklete tr\u00e5den leder pilene jevnt inn i poengomr\u00e5det for \u00e5 minimere avvisninger. Den herdede bullseye- og ytterbull-sonen \u2014 begge med <strong data-start=\"1665\" data-end=\"1690\">Density Control\u2122-tr\u00e5d<\/strong> \u2014 er n\u00e5 25 % tynnere for enda bedre ytelse.<\/p>\n<p data-start=\"1738\" data-end=\"1899\"><strong data-start=\"1738\" data-end=\"1756\">Anbefales for:<\/strong> Eksisterende FLYBY Darts-kunder, men tilgjengelig for alle kj\u00f8pere<br data-start=\"1823\" data-end=\"1826\" \/><strong data-start=\"1826\" data-end=\"1835\">Vekt:<\/strong> 5 kg<br data-start=\"1840\" data-end=\"1843\" \/><strong data-start=\"1843\" data-end=\"1857\">St\u00f8rrelse:<\/strong> 48 \u00d7 48 cm<br data-start=\"1868\" data-end=\"1871\" \/><strong data-start=\"1871\" data-end=\"1885\">Materiale:<\/strong> B\u00f8rstefibre<\/p>\n<\/div>","protected":false},"excerpt":{"rendered":"<p data-start=\"851\" data-end=\"1021\">Offisiell turneringsgodkjent Winmau-tavle med tynn st\u00e5ltr\u00e5d og tett sisaloverflate for presisjon, slitestyrke og jevn poengregistrering.<\/p>\n","protected":false},"featured_media":1705,"template":"","meta":{"_acf_changed":false},"product_brand":[],"product_cat":[32],"product_tag":[],"class_list":{"0":"post-1704","1":"product","2":"type-product","3":"status-publish","4":"has-post-thumbnail","6":"product_cat-darts","8":"first","9":"onbackorder","10":"taxable","11":"shipping-taxable","12":"purchasable","13":"product-type-simple"},"acf":[],"yoast_head":"<!-- This site is optimized with the Yoast SEO plugin v27.2 - https:\/\/yoast.com\/product\/yoast-seo-wordpress\/ -->\n<title>Winmau Blade 6 darttavle - The Social Gaming Group - Norge<\/title>\n<meta name=\"robots\" content=\"index, follow, max-snippet:-1, max-image-preview:large, max-video-preview:-1\" \/>\n<link rel=\"canonical\" href=\"https:\/\/thesocialgaminggroup.com\/no\/product\/dartboard-winmau-blade-6\/\" \/>\n<meta property=\"og:locale\" content=\"en_GB\" \/>\n<meta property=\"og:type\" content=\"article\" \/>\n<meta property=\"og:title\" content=\"Winmau Blade 6 darttavle - The Social Gaming Group - Norge\" \/>\n<meta property=\"og:description\" content=\"Offisiell turneringsgodkjent Winmau-tavle med tynn st\u00e5ltr\u00e5d og tett sisaloverflate for presisjon, slitestyrke og jevn poengregistrering.\" \/>\n<meta property=\"og:url\" content=\"https:\/\/thesocialgaminggroup.com\/no\/product\/dartboard-winmau-blade-6\/\" \/>\n<meta property=\"og:site_name\" content=\"The Social Gaming Group - Norge\" \/>\n<meta property=\"article:modified_time\" content=\"2026-04-16T16:15:17+00:00\" \/>\n<meta property=\"og:image\" content=\"https:\/\/thesocialgaminggroup.com\/no\/wp-content\/uploads\/sites\/2\/2025\/02\/Skjermbilde-2025-02-21-kl.-08.39.40.jpg\" \/>\n\t<meta property=\"og:image:width\" content=\"624\" \/>\n\t<meta property=\"og:image:height\" content=\"569\" \/>\n\t<meta property=\"og:image:type\" content=\"image\/jpeg\" \/>\n<meta name=\"twitter:card\" content=\"summary_large_image\" \/>\n<meta name=\"twitter:label1\" content=\"Estimated reading time\" \/>\n\t<meta name=\"twitter:data1\" content=\"2 minutes\" \/>\n<script type=\"application\/ld+json\" class=\"yoast-schema-graph\">{\"@context\":\"https:\/\/schema.org\",\"@graph\":[{\"@type\":[\"WebPage\",\"ItemPage\"],\"@id\":\"https:\/\/thesocialgaminggroup.com\/no\/product\/dartboard-winmau-blade-6\/\",\"url\":\"https:\/\/thesocialgaminggroup.com\/no\/product\/dartboard-winmau-blade-6\/\",\"name\":\"Winmau Blade 6 darttavle - The Social Gaming Group - Norge\",\"isPartOf\":{\"@id\":\"https:\/\/thesocialgaminggroup.com\/no\/#website\"},\"primaryImageOfPage\":{\"@id\":\"https:\/\/thesocialgaminggroup.com\/no\/product\/dartboard-winmau-blade-6\/#primaryimage\"},\"image\":{\"@id\":\"https:\/\/thesocialgaminggroup.com\/no\/product\/dartboard-winmau-blade-6\/#primaryimage\"},\"thumbnailUrl\":\"https:\/\/thesocialgaminggroup.com\/no\/wp-content\/uploads\/sites\/2\/2025\/02\/Skjermbilde-2025-02-21-kl.-08.39.40.jpg\",\"datePublished\":\"2025-02-21T07:40:18+00:00\",\"dateModified\":\"2026-04-16T16:15:17+00:00\",\"breadcrumb\":{\"@id\":\"https:\/\/thesocialgaminggroup.com\/no\/product\/dartboard-winmau-blade-6\/#breadcrumb\"},\"inLanguage\":\"en-GB\",\"potentialAction\":[{\"@type\":\"ReadAction\",\"target\":[\"https:\/\/thesocialgaminggroup.com\/no\/product\/dartboard-winmau-blade-6\/\"]}]},{\"@type\":\"ImageObject\",\"inLanguage\":\"en-GB\",\"@id\":\"https:\/\/thesocialgaminggroup.com\/no\/product\/dartboard-winmau-blade-6\/#primaryimage\",\"url\":\"https:\/\/thesocialgaminggroup.com\/no\/wp-content\/uploads\/sites\/2\/2025\/02\/Skjermbilde-2025-02-21-kl.-08.39.40.jpg\",\"contentUrl\":\"https:\/\/thesocialgaminggroup.com\/no\/wp-content\/uploads\/sites\/2\/2025\/02\/Skjermbilde-2025-02-21-kl.-08.39.40.jpg\",\"width\":624,\"height\":569,\"caption\":\"Screenshot\"},{\"@type\":\"WebSite\",\"@id\":\"https:\/\/thesocialgaminggroup.com\/no\/#website\",\"url\":\"https:\/\/thesocialgaminggroup.com\/no\/\",\"name\":\"The Social Gaming Group - Norge\",\"description\":\"Seriously great games.\",\"publisher\":{\"@id\":\"https:\/\/thesocialgaminggroup.com\/no\/#organization\"},\"potentialAction\":[{\"@type\":\"SearchAction\",\"target\":{\"@type\":\"EntryPoint\",\"urlTemplate\":\"https:\/\/thesocialgaminggroup.com\/no\/?s={search_term_string}\"},\"query-input\":{\"@type\":\"PropertyValueSpecification\",\"valueRequired\":true,\"valueName\":\"search_term_string\"}}],\"inLanguage\":\"en-GB\"},{\"@type\":\"Organization\",\"@id\":\"https:\/\/thesocialgaminggroup.com\/no\/#organization\",\"name\":\"Social Gaming Group\",\"url\":\"https:\/\/thesocialgaminggroup.com\/no\/\",\"logo\":{\"@type\":\"ImageObject\",\"inLanguage\":\"en-GB\",\"@id\":\"https:\/\/thesocialgaminggroup.com\/no\/#\/schema\/logo\/image\/\",\"url\":\"https:\/\/thesocialgaminggroup.com\/no\/wp-content\/uploads\/sites\/2\/2023\/09\/logo-SGG.png\",\"contentUrl\":\"https:\/\/thesocialgaminggroup.com\/no\/wp-content\/uploads\/sites\/2\/2023\/09\/logo-SGG.png\",\"width\":259,\"height\":106,\"caption\":\"Social Gaming Group\"},\"image\":{\"@id\":\"https:\/\/thesocialgaminggroup.com\/no\/#\/schema\/logo\/image\/\"}}]}<\/script>\n<!-- \/ Yoast SEO plugin. -->","yoast_head_json":{"title":"Winmau Blade 6 darttavle - The Social Gaming Group - Norge","robots":{"index":"index","follow":"follow","max-snippet":"max-snippet:-1","max-image-preview":"max-image-preview:large","max-video-preview":"max-video-preview:-1"},"canonical":"https:\/\/thesocialgaminggroup.com\/no\/product\/dartboard-winmau-blade-6\/","og_locale":"en_GB","og_type":"article","og_title":"Winmau Blade 6 darttavle - The Social Gaming Group - Norge","og_description":"Offisiell turneringsgodkjent Winmau-tavle med tynn st\u00e5ltr\u00e5d og tett sisaloverflate for presisjon, slitestyrke og jevn poengregistrering.","og_url":"https:\/\/thesocialgaminggroup.com\/no\/product\/dartboard-winmau-blade-6\/","og_site_name":"The Social Gaming Group - Norge","article_modified_time":"2026-04-16T16:15:17+00:00","og_image":[{"width":624,"height":569,"url":"https:\/\/thesocialgaminggroup.com\/no\/wp-content\/uploads\/sites\/2\/2025\/02\/Skjermbilde-2025-02-21-kl.-08.39.40.jpg","type":"image\/jpeg"}],"twitter_card":"summary_large_image","twitter_misc":{"Estimated reading time":"2 minutes"},"schema":{"@context":"https:\/\/schema.org","@graph":[{"@type":["WebPage","ItemPage"],"@id":"https:\/\/thesocialgaminggroup.com\/no\/product\/dartboard-winmau-blade-6\/","url":"https:\/\/thesocialgaminggroup.com\/no\/product\/dartboard-winmau-blade-6\/","name":"Winmau Blade 6 darttavle - The Social Gaming Group - Norge","isPartOf":{"@id":"https:\/\/thesocialgaminggroup.com\/no\/#website"},"primaryImageOfPage":{"@id":"https:\/\/thesocialgaminggroup.com\/no\/product\/dartboard-winmau-blade-6\/#primaryimage"},"image":{"@id":"https:\/\/thesocialgaminggroup.com\/no\/product\/dartboard-winmau-blade-6\/#primaryimage"},"thumbnailUrl":"https:\/\/thesocialgaminggroup.com\/no\/wp-content\/uploads\/sites\/2\/2025\/02\/Skjermbilde-2025-02-21-kl.-08.39.40.jpg","datePublished":"2025-02-21T07:40:18+00:00","dateModified":"2026-04-16T16:15:17+00:00","breadcrumb":{"@id":"https:\/\/thesocialgaminggroup.com\/no\/product\/dartboard-winmau-blade-6\/#breadcrumb"},"inLanguage":"en-GB","potentialAction":[{"@type":"ReadAction","target":["https:\/\/thesocialgaminggroup.com\/no\/product\/dartboard-winmau-blade-6\/"]}]},{"@type":"ImageObject","inLanguage":"en-GB","@id":"https:\/\/thesocialgaminggroup.com\/no\/product\/dartboard-winmau-blade-6\/#primaryimage","url":"https:\/\/thesocialgaminggroup.com\/no\/wp-content\/uploads\/sites\/2\/2025\/02\/Skjermbilde-2025-02-21-kl.-08.39.40.jpg","contentUrl":"https:\/\/thesocialgaminggroup.com\/no\/wp-content\/uploads\/sites\/2\/2025\/02\/Skjermbilde-2025-02-21-kl.-08.39.40.jpg","width":624,"height":569,"caption":"Screenshot"},{"@type":"WebSite","@id":"https:\/\/thesocialgaminggroup.com\/no\/#website","url":"https:\/\/thesocialgaminggroup.com\/no\/","name":"The Social Gaming Group - Norge","description":"Seriously great games.","publisher":{"@id":"https:\/\/thesocialgaminggroup.com\/no\/#organization"},"potentialAction":[{"@type":"SearchAction","target":{"@type":"EntryPoint","urlTemplate":"https:\/\/thesocialgaminggroup.com\/no\/?s={search_term_string}"},"query-input":{"@type":"PropertyValueSpecification","valueRequired":true,"valueName":"search_term_string"}}],"inLanguage":"en-GB"},{"@type":"Organization","@id":"https:\/\/thesocialgaminggroup.com\/no\/#organization","name":"Social Gaming Group","url":"https:\/\/thesocialgaminggroup.com\/no\/","logo":{"@type":"ImageObject","inLanguage":"en-GB","@id":"https:\/\/thesocialgaminggroup.com\/no\/#\/schema\/logo\/image\/","url":"https:\/\/thesocialgaminggroup.com\/no\/wp-content\/uploads\/sites\/2\/2023\/09\/logo-SGG.png","contentUrl":"https:\/\/thesocialgaminggroup.com\/no\/wp-content\/uploads\/sites\/2\/2023\/09\/logo-SGG.png","width":259,"height":106,"caption":"Social Gaming Group"},"image":{"@id":"https:\/\/thesocialgaminggroup.com\/no\/#\/schema\/logo\/image\/"}}]}},"_links":{"self":[{"href":"https:\/\/thesocialgaminggroup.com\/no\/wp-json\/wp\/v2\/product\/1704","targetHints":{"allow":["GET"]}}],"collection":[{"href":"https:\/\/thesocialgaminggroup.com\/no\/wp-json\/wp\/v2\/product"}],"about":[{"href":"https:\/\/thesocialgaminggroup.com\/no\/wp-json\/wp\/v2\/types\/product"}],"wp:featuredmedia":[{"embeddable":true,"href":"https:\/\/thesocialgaminggroup.com\/no\/wp-json\/wp\/v2\/media\/1705"}],"wp:attachment":[{"href":"https:\/\/thesocialgaminggroup.com\/no\/wp-json\/wp\/v2\/media?parent=1704"}],"wp:term":[{"taxonomy":"product_brand","embeddable":true,"href":"https:\/\/thesocialgaminggroup.com\/no\/wp-json\/wp\/v2\/product_brand?post=1704"},{"taxonomy":"product_cat","embeddable":true,"href":"https:\/\/thesocialgaminggroup.com\/no\/wp-json\/wp\/v2\/product_cat?post=1704"},{"taxonomy":"product_tag","embeddable":true,"href":"https:\/\/thesocialgaminggroup.com\/no\/wp-json\/wp\/v2\/product_tag?post=1704"}],"curies":[{"name":"wp","href":"https:\/\/api.w.org\/{rel}","templated":true}]}}