{"id":1700,"date":"2025-02-17T14:10:32","date_gmt":"2025-02-17T14:10:32","guid":{"rendered":"https:\/\/thesocialgaminggroup.com\/no\/?post_type=product&#038;p=1700"},"modified":"2026-04-10T22:00:14","modified_gmt":"2026-04-10T22:00:14","slug":"shuffleboard-puck-caps-large-blue","status":"publish","type":"product","link":"https:\/\/thesocialgaminggroup.com\/no\/product\/shuffleboard-puck-caps-large-blue\/","title":{"rendered":"SHUFL pucktopp \u2013 Large (Bl\u00e5)"},"content":{"rendered":"<div class=\"u-wysiwyg\"><p data-start=\"1526\" data-end=\"1609\">Erstatningstopp til <strong data-start=\"1546\" data-end=\"1577\">Grand Champion shuffleboard<\/strong>, i SHUFLs klassiske bl\u00e5farge.<\/p>\n<p data-start=\"1611\" data-end=\"1824\">Toppene er laget for presis passform og holdbarhet, og skrus enkelt p\u00e5 eksisterende SHUFL-pucker uten bruk av verkt\u00f8y. Bytt ut gamle eller matte topper for \u00e5 gi puckene nytt liv og jevn gli som ved f\u00f8rste spill.<\/p>\n<p data-start=\"1826\" data-end=\"2045\"><strong data-start=\"1826\" data-end=\"1845\">Kompatibilitet:<\/strong> Grand Champion shuffleboard (Large puck-st\u00f8rrelse)<br data-start=\"1896\" data-end=\"1899\" \/><strong data-start=\"1899\" data-end=\"1910\">Selges:<\/strong> Enkeltvis<br data-start=\"1920\" data-end=\"1923\" \/><strong data-start=\"1923\" data-end=\"1933\">Farge:<\/strong> Bl\u00e5 (SHUFL Blue)<br data-start=\"1950\" data-end=\"1953\" \/><strong data-start=\"1953\" data-end=\"1970\">Installasjon:<\/strong> Skrus p\u00e5 for h\u00e5nd (verkt\u00f8yfritt)<br data-start=\"2003\" data-end=\"2006\" \/><strong data-start=\"2006\" data-end=\"2020\">Materiale:<\/strong> Polert, slagfast plast<\/p>\n<\/div>","protected":false},"excerpt":{"rendered":"<p data-start=\"2558\" data-end=\"2660\">Bl\u00e5 pucktopp for Grand Champion shuffleboard \u2013 selges enkeltvis, enkel montering og h\u00f8y slitestyrke.<\/p>\n","protected":false},"featured_media":1108,"template":"","meta":{"_acf_changed":false},"product_brand":[],"product_cat":[22,19],"product_tag":[],"class_list":{"0":"post-1700","1":"product","2":"type-product","3":"status-publish","4":"has-post-thumbnail","6":"product_cat-accessories","7":"product_cat-shufl","9":"first","10":"onbackorder","11":"taxable","12":"shipping-taxable","13":"purchasable","14":"product-type-simple"},"acf":[],"yoast_head":"<!-- This site is optimized with the Yoast SEO plugin v27.2 - https:\/\/yoast.com\/product\/yoast-seo-wordpress\/ -->\n<title>SHUFL pucktopp \u2013 Large (Bl\u00e5) - The Social Gaming Group - Norge<\/title>\n<meta name=\"robots\" content=\"index, follow, max-snippet:-1, max-image-preview:large, max-video-preview:-1\" \/>\n<link rel=\"canonical\" href=\"https:\/\/thesocialgaminggroup.com\/no\/product\/shuffleboard-puck-caps-large-blue\/\" \/>\n<meta property=\"og:locale\" content=\"en_GB\" \/>\n<meta property=\"og:type\" content=\"article\" \/>\n<meta property=\"og:title\" content=\"SHUFL pucktopp \u2013 Large (Bl\u00e5) - The Social Gaming Group - Norge\" \/>\n<meta property=\"og:description\" content=\"Bl\u00e5 pucktopp for Grand Champion shuffleboard \u2013 selges enkeltvis, enkel montering og h\u00f8y slitestyrke.\" \/>\n<meta property=\"og:url\" content=\"https:\/\/thesocialgaminggroup.com\/no\/product\/shuffleboard-puck-caps-large-blue\/\" \/>\n<meta property=\"og:site_name\" content=\"The Social Gaming Group - Norge\" \/>\n<meta property=\"article:modified_time\" content=\"2026-04-10T22:00:14+00:00\" \/>\n<meta property=\"og:image\" content=\"https:\/\/thesocialgaminggroup.com\/no\/wp-content\/uploads\/sites\/2\/2023\/10\/access-large-caps.webp\" \/>\n\t<meta property=\"og:image:width\" content=\"1500\" \/>\n\t<meta property=\"og:image:height\" content=\"1500\" \/>\n\t<meta property=\"og:image:type\" content=\"image\/webp\" \/>\n<meta name=\"twitter:card\" content=\"summary_large_image\" \/>\n<meta name=\"twitter:label1\" content=\"Estimated reading time\" \/>\n\t<meta name=\"twitter:data1\" content=\"1 minute\" \/>\n<script type=\"application\/ld+json\" class=\"yoast-schema-graph\">{\"@context\":\"https:\/\/schema.org\",\"@graph\":[{\"@type\":[\"WebPage\",\"ItemPage\"],\"@id\":\"https:\/\/thesocialgaminggroup.com\/no\/product\/shuffleboard-puck-caps-large-blue\/\",\"url\":\"https:\/\/thesocialgaminggroup.com\/no\/product\/shuffleboard-puck-caps-large-blue\/\",\"name\":\"SHUFL pucktopp \u2013 Large (Bl\u00e5) - The Social Gaming Group - Norge\",\"isPartOf\":{\"@id\":\"https:\/\/thesocialgaminggroup.com\/no\/#website\"},\"primaryImageOfPage\":{\"@id\":\"https:\/\/thesocialgaminggroup.com\/no\/product\/shuffleboard-puck-caps-large-blue\/#primaryimage\"},\"image\":{\"@id\":\"https:\/\/thesocialgaminggroup.com\/no\/product\/shuffleboard-puck-caps-large-blue\/#primaryimage\"},\"thumbnailUrl\":\"https:\/\/thesocialgaminggroup.com\/no\/wp-content\/uploads\/sites\/2\/2023\/10\/access-large-caps.webp\",\"datePublished\":\"2025-02-17T14:10:32+00:00\",\"dateModified\":\"2026-04-10T22:00:14+00:00\",\"breadcrumb\":{\"@id\":\"https:\/\/thesocialgaminggroup.com\/no\/product\/shuffleboard-puck-caps-large-blue\/#breadcrumb\"},\"inLanguage\":\"en-GB\",\"potentialAction\":[{\"@type\":\"ReadAction\",\"target\":[\"https:\/\/thesocialgaminggroup.com\/no\/product\/shuffleboard-puck-caps-large-blue\/\"]}]},{\"@type\":\"ImageObject\",\"inLanguage\":\"en-GB\",\"@id\":\"https:\/\/thesocialgaminggroup.com\/no\/product\/shuffleboard-puck-caps-large-blue\/#primaryimage\",\"url\":\"https:\/\/thesocialgaminggroup.com\/no\/wp-content\/uploads\/sites\/2\/2023\/10\/access-large-caps.webp\",\"contentUrl\":\"https:\/\/thesocialgaminggroup.com\/no\/wp-content\/uploads\/sites\/2\/2023\/10\/access-large-caps.webp\",\"width\":1500,\"height\":1500},{\"@type\":\"WebSite\",\"@id\":\"https:\/\/thesocialgaminggroup.com\/no\/#website\",\"url\":\"https:\/\/thesocialgaminggroup.com\/no\/\",\"name\":\"The Social Gaming Group - Norge\",\"description\":\"Seriously great games.\",\"publisher\":{\"@id\":\"https:\/\/thesocialgaminggroup.com\/no\/#organization\"},\"potentialAction\":[{\"@type\":\"SearchAction\",\"target\":{\"@type\":\"EntryPoint\",\"urlTemplate\":\"https:\/\/thesocialgaminggroup.com\/no\/?s={search_term_string}\"},\"query-input\":{\"@type\":\"PropertyValueSpecification\",\"valueRequired\":true,\"valueName\":\"search_term_string\"}}],\"inLanguage\":\"en-GB\"},{\"@type\":\"Organization\",\"@id\":\"https:\/\/thesocialgaminggroup.com\/no\/#organization\",\"name\":\"Social Gaming Group\",\"url\":\"https:\/\/thesocialgaminggroup.com\/no\/\",\"logo\":{\"@type\":\"ImageObject\",\"inLanguage\":\"en-GB\",\"@id\":\"https:\/\/thesocialgaminggroup.com\/no\/#\/schema\/logo\/image\/\",\"url\":\"https:\/\/thesocialgaminggroup.com\/no\/wp-content\/uploads\/sites\/2\/2023\/09\/logo-SGG.png\",\"contentUrl\":\"https:\/\/thesocialgaminggroup.com\/no\/wp-content\/uploads\/sites\/2\/2023\/09\/logo-SGG.png\",\"width\":259,\"height\":106,\"caption\":\"Social Gaming Group\"},\"image\":{\"@id\":\"https:\/\/thesocialgaminggroup.com\/no\/#\/schema\/logo\/image\/\"}}]}<\/script>\n<!-- \/ Yoast SEO plugin. -->","yoast_head_json":{"title":"SHUFL pucktopp \u2013 Large (Bl\u00e5) - The Social Gaming Group - Norge","robots":{"index":"index","follow":"follow","max-snippet":"max-snippet:-1","max-image-preview":"max-image-preview:large","max-video-preview":"max-video-preview:-1"},"canonical":"https:\/\/thesocialgaminggroup.com\/no\/product\/shuffleboard-puck-caps-large-blue\/","og_locale":"en_GB","og_type":"article","og_title":"SHUFL pucktopp \u2013 Large (Bl\u00e5) - The Social Gaming Group - Norge","og_description":"Bl\u00e5 pucktopp for Grand Champion shuffleboard \u2013 selges enkeltvis, enkel montering og h\u00f8y slitestyrke.","og_url":"https:\/\/thesocialgaminggroup.com\/no\/product\/shuffleboard-puck-caps-large-blue\/","og_site_name":"The Social Gaming Group - Norge","article_modified_time":"2026-04-10T22:00:14+00:00","og_image":[{"width":1500,"height":1500,"url":"https:\/\/thesocialgaminggroup.com\/no\/wp-content\/uploads\/sites\/2\/2023\/10\/access-large-caps.webp","type":"image\/webp"}],"twitter_card":"summary_large_image","twitter_misc":{"Estimated reading time":"1 minute"},"schema":{"@context":"https:\/\/schema.org","@graph":[{"@type":["WebPage","ItemPage"],"@id":"https:\/\/thesocialgaminggroup.com\/no\/product\/shuffleboard-puck-caps-large-blue\/","url":"https:\/\/thesocialgaminggroup.com\/no\/product\/shuffleboard-puck-caps-large-blue\/","name":"SHUFL pucktopp \u2013 Large (Bl\u00e5) - The Social Gaming Group - Norge","isPartOf":{"@id":"https:\/\/thesocialgaminggroup.com\/no\/#website"},"primaryImageOfPage":{"@id":"https:\/\/thesocialgaminggroup.com\/no\/product\/shuffleboard-puck-caps-large-blue\/#primaryimage"},"image":{"@id":"https:\/\/thesocialgaminggroup.com\/no\/product\/shuffleboard-puck-caps-large-blue\/#primaryimage"},"thumbnailUrl":"https:\/\/thesocialgaminggroup.com\/no\/wp-content\/uploads\/sites\/2\/2023\/10\/access-large-caps.webp","datePublished":"2025-02-17T14:10:32+00:00","dateModified":"2026-04-10T22:00:14+00:00","breadcrumb":{"@id":"https:\/\/thesocialgaminggroup.com\/no\/product\/shuffleboard-puck-caps-large-blue\/#breadcrumb"},"inLanguage":"en-GB","potentialAction":[{"@type":"ReadAction","target":["https:\/\/thesocialgaminggroup.com\/no\/product\/shuffleboard-puck-caps-large-blue\/"]}]},{"@type":"ImageObject","inLanguage":"en-GB","@id":"https:\/\/thesocialgaminggroup.com\/no\/product\/shuffleboard-puck-caps-large-blue\/#primaryimage","url":"https:\/\/thesocialgaminggroup.com\/no\/wp-content\/uploads\/sites\/2\/2023\/10\/access-large-caps.webp","contentUrl":"https:\/\/thesocialgaminggroup.com\/no\/wp-content\/uploads\/sites\/2\/2023\/10\/access-large-caps.webp","width":1500,"height":1500},{"@type":"WebSite","@id":"https:\/\/thesocialgaminggroup.com\/no\/#website","url":"https:\/\/thesocialgaminggroup.com\/no\/","name":"The Social Gaming Group - Norge","description":"Seriously great games.","publisher":{"@id":"https:\/\/thesocialgaminggroup.com\/no\/#organization"},"potentialAction":[{"@type":"SearchAction","target":{"@type":"EntryPoint","urlTemplate":"https:\/\/thesocialgaminggroup.com\/no\/?s={search_term_string}"},"query-input":{"@type":"PropertyValueSpecification","valueRequired":true,"valueName":"search_term_string"}}],"inLanguage":"en-GB"},{"@type":"Organization","@id":"https:\/\/thesocialgaminggroup.com\/no\/#organization","name":"Social Gaming Group","url":"https:\/\/thesocialgaminggroup.com\/no\/","logo":{"@type":"ImageObject","inLanguage":"en-GB","@id":"https:\/\/thesocialgaminggroup.com\/no\/#\/schema\/logo\/image\/","url":"https:\/\/thesocialgaminggroup.com\/no\/wp-content\/uploads\/sites\/2\/2023\/09\/logo-SGG.png","contentUrl":"https:\/\/thesocialgaminggroup.com\/no\/wp-content\/uploads\/sites\/2\/2023\/09\/logo-SGG.png","width":259,"height":106,"caption":"Social Gaming Group"},"image":{"@id":"https:\/\/thesocialgaminggroup.com\/no\/#\/schema\/logo\/image\/"}}]}},"_links":{"self":[{"href":"https:\/\/thesocialgaminggroup.com\/no\/wp-json\/wp\/v2\/product\/1700","targetHints":{"allow":["GET"]}}],"collection":[{"href":"https:\/\/thesocialgaminggroup.com\/no\/wp-json\/wp\/v2\/product"}],"about":[{"href":"https:\/\/thesocialgaminggroup.com\/no\/wp-json\/wp\/v2\/types\/product"}],"wp:featuredmedia":[{"embeddable":true,"href":"https:\/\/thesocialgaminggroup.com\/no\/wp-json\/wp\/v2\/media\/1108"}],"wp:attachment":[{"href":"https:\/\/thesocialgaminggroup.com\/no\/wp-json\/wp\/v2\/media?parent=1700"}],"wp:term":[{"taxonomy":"product_brand","embeddable":true,"href":"https:\/\/thesocialgaminggroup.com\/no\/wp-json\/wp\/v2\/product_brand?post=1700"},{"taxonomy":"product_cat","embeddable":true,"href":"https:\/\/thesocialgaminggroup.com\/no\/wp-json\/wp\/v2\/product_cat?post=1700"},{"taxonomy":"product_tag","embeddable":true,"href":"https:\/\/thesocialgaminggroup.com\/no\/wp-json\/wp\/v2\/product_tag?post=1700"}],"curies":[{"name":"wp","href":"https:\/\/api.w.org\/{rel}","templated":true}]}}