{"id":1080,"date":"2023-10-24T15:13:14","date_gmt":"2023-10-24T15:13:14","guid":{"rendered":"https:\/\/thesocialgaminggroup.com\/no\/?post_type=product&#038;p=1080"},"modified":"2026-04-10T07:15:25","modified_gmt":"2026-04-10T07:15:25","slug":"sun-glo-silicone-spray-12-canisters","status":"publish","type":"product","link":"https:\/\/thesocialgaminggroup.com\/no\/product\/sun-glo-silicone-spray-12-canisters\/","title":{"rendered":"Sun-Glo silikon\u00adspray for shuffleboard (12 bokser)"},"content":{"rendered":"<div class=\"u-wysiwyg\"><p data-start=\"1924\" data-end=\"2026\">Profesjonell <strong data-start=\"1937\" data-end=\"1954\">silikon\u00adspray<\/strong> utviklet for \u00e5 holde shuffleboard-overflaten rask, jevn og beskyttet.<\/p>\n<p data-start=\"2028\" data-end=\"2307\">Brukes f\u00f8r p\u00e5f\u00f8ring av shuffleboard-sand, og skaper et glatt grunnlag som gir optimal gli og presisjon i spillet. <strong data-start=\"2142\" data-end=\"2166\">Sun-Glo silikonspray<\/strong> hjelper sanden \u00e5 fordele seg jevnt, reduserer klumping, forlenger levetiden p\u00e5 sanden og beskytter bordets overflate mot slitasje og fukt.<\/p>\n<p data-start=\"2309\" data-end=\"2429\">Passer b\u00e5de for hjemmebruk og travle arenaer \u2013 et viktig daglig produkt for \u00e5 opprettholde profesjonell spillkvalitet.<\/p>\n<p data-start=\"2431\" data-end=\"2562\"><strong data-start=\"2431\" data-end=\"2443\">Pakning:<\/strong> 12 bokser<br data-start=\"2453\" data-end=\"2456\" \/><strong data-start=\"2456\" data-end=\"2475\">Kompatibilitet:<\/strong> Alle SHUFL- og polymerbelagte shuffleboard<br data-start=\"2518\" data-end=\"2521\" \/><strong data-start=\"2521\" data-end=\"2534\">Bruk f\u00f8r:<\/strong> Sun-Glo shuffleboard-sand<\/p>\n<\/div>","protected":false},"excerpt":{"rendered":"<p data-start=\"3238\" data-end=\"3362\">Profesjonell silikonspray for shuffleboard \u2013 forbedrer gli, beskytter overflaten og forlenger sandens levetid. (12 bokser)<\/p>\n","protected":false},"featured_media":1116,"template":"","meta":{"_acf_changed":false},"product_brand":[],"product_cat":[22,19],"product_tag":[],"class_list":{"0":"post-1080","1":"product","2":"type-product","3":"status-publish","4":"has-post-thumbnail","6":"product_cat-accessories","7":"product_cat-shufl","9":"first","10":"instock","11":"taxable","12":"shipping-taxable","13":"purchasable","14":"product-type-simple"},"acf":[],"yoast_head":"<!-- This site is optimized with the Yoast SEO plugin v27.2 - https:\/\/yoast.com\/product\/yoast-seo-wordpress\/ -->\n<title>Sun-Glo silikon\u00adspray for shuffleboard (12 bokser) - The Social Gaming Group - Norge<\/title>\n<meta name=\"robots\" content=\"index, follow, max-snippet:-1, max-image-preview:large, max-video-preview:-1\" \/>\n<link rel=\"canonical\" href=\"https:\/\/thesocialgaminggroup.com\/no\/product\/sun-glo-silicone-spray-12-canisters\/\" \/>\n<meta property=\"og:locale\" content=\"en_GB\" \/>\n<meta property=\"og:type\" content=\"article\" \/>\n<meta property=\"og:title\" content=\"Sun-Glo silikon\u00adspray for shuffleboard (12 bokser) - The Social Gaming Group - Norge\" \/>\n<meta property=\"og:description\" content=\"Profesjonell silikonspray for shuffleboard \u2013 forbedrer gli, beskytter overflaten og forlenger sandens levetid. (12 bokser)\" \/>\n<meta property=\"og:url\" content=\"https:\/\/thesocialgaminggroup.com\/no\/product\/sun-glo-silicone-spray-12-canisters\/\" \/>\n<meta property=\"og:site_name\" content=\"The Social Gaming Group - Norge\" \/>\n<meta property=\"article:modified_time\" content=\"2026-04-10T07:15:25+00:00\" \/>\n<meta property=\"og:image\" content=\"https:\/\/thesocialgaminggroup.com\/no\/wp-content\/uploads\/sites\/2\/2023\/10\/powders-silicone-spray.webp\" \/>\n\t<meta property=\"og:image:width\" content=\"1500\" \/>\n\t<meta property=\"og:image:height\" content=\"1500\" \/>\n\t<meta property=\"og:image:type\" content=\"image\/webp\" \/>\n<meta name=\"twitter:card\" content=\"summary_large_image\" \/>\n<meta name=\"twitter:label1\" content=\"Estimated reading time\" \/>\n\t<meta name=\"twitter:data1\" content=\"1 minute\" \/>\n<script type=\"application\/ld+json\" class=\"yoast-schema-graph\">{\"@context\":\"https:\/\/schema.org\",\"@graph\":[{\"@type\":[\"WebPage\",\"ItemPage\"],\"@id\":\"https:\/\/thesocialgaminggroup.com\/no\/product\/sun-glo-silicone-spray-12-canisters\/\",\"url\":\"https:\/\/thesocialgaminggroup.com\/no\/product\/sun-glo-silicone-spray-12-canisters\/\",\"name\":\"Sun-Glo silikon\u00adspray for shuffleboard (12 bokser) - The Social Gaming Group - Norge\",\"isPartOf\":{\"@id\":\"https:\/\/thesocialgaminggroup.com\/no\/#website\"},\"primaryImageOfPage\":{\"@id\":\"https:\/\/thesocialgaminggroup.com\/no\/product\/sun-glo-silicone-spray-12-canisters\/#primaryimage\"},\"image\":{\"@id\":\"https:\/\/thesocialgaminggroup.com\/no\/product\/sun-glo-silicone-spray-12-canisters\/#primaryimage\"},\"thumbnailUrl\":\"https:\/\/thesocialgaminggroup.com\/no\/wp-content\/uploads\/sites\/2\/2023\/10\/powders-silicone-spray.webp\",\"datePublished\":\"2023-10-24T15:13:14+00:00\",\"dateModified\":\"2026-04-10T07:15:25+00:00\",\"breadcrumb\":{\"@id\":\"https:\/\/thesocialgaminggroup.com\/no\/product\/sun-glo-silicone-spray-12-canisters\/#breadcrumb\"},\"inLanguage\":\"en-GB\",\"potentialAction\":[{\"@type\":\"ReadAction\",\"target\":[\"https:\/\/thesocialgaminggroup.com\/no\/product\/sun-glo-silicone-spray-12-canisters\/\"]}]},{\"@type\":\"ImageObject\",\"inLanguage\":\"en-GB\",\"@id\":\"https:\/\/thesocialgaminggroup.com\/no\/product\/sun-glo-silicone-spray-12-canisters\/#primaryimage\",\"url\":\"https:\/\/thesocialgaminggroup.com\/no\/wp-content\/uploads\/sites\/2\/2023\/10\/powders-silicone-spray.webp\",\"contentUrl\":\"https:\/\/thesocialgaminggroup.com\/no\/wp-content\/uploads\/sites\/2\/2023\/10\/powders-silicone-spray.webp\",\"width\":1500,\"height\":1500},{\"@type\":\"WebSite\",\"@id\":\"https:\/\/thesocialgaminggroup.com\/no\/#website\",\"url\":\"https:\/\/thesocialgaminggroup.com\/no\/\",\"name\":\"The Social Gaming Group - Norge\",\"description\":\"Seriously great games.\",\"publisher\":{\"@id\":\"https:\/\/thesocialgaminggroup.com\/no\/#organization\"},\"potentialAction\":[{\"@type\":\"SearchAction\",\"target\":{\"@type\":\"EntryPoint\",\"urlTemplate\":\"https:\/\/thesocialgaminggroup.com\/no\/?s={search_term_string}\"},\"query-input\":{\"@type\":\"PropertyValueSpecification\",\"valueRequired\":true,\"valueName\":\"search_term_string\"}}],\"inLanguage\":\"en-GB\"},{\"@type\":\"Organization\",\"@id\":\"https:\/\/thesocialgaminggroup.com\/no\/#organization\",\"name\":\"Social Gaming Group\",\"url\":\"https:\/\/thesocialgaminggroup.com\/no\/\",\"logo\":{\"@type\":\"ImageObject\",\"inLanguage\":\"en-GB\",\"@id\":\"https:\/\/thesocialgaminggroup.com\/no\/#\/schema\/logo\/image\/\",\"url\":\"https:\/\/thesocialgaminggroup.com\/no\/wp-content\/uploads\/sites\/2\/2023\/09\/logo-SGG.png\",\"contentUrl\":\"https:\/\/thesocialgaminggroup.com\/no\/wp-content\/uploads\/sites\/2\/2023\/09\/logo-SGG.png\",\"width\":259,\"height\":106,\"caption\":\"Social Gaming Group\"},\"image\":{\"@id\":\"https:\/\/thesocialgaminggroup.com\/no\/#\/schema\/logo\/image\/\"}}]}<\/script>\n<!-- \/ Yoast SEO plugin. -->","yoast_head_json":{"title":"Sun-Glo silikon\u00adspray for shuffleboard (12 bokser) - The Social Gaming Group - Norge","robots":{"index":"index","follow":"follow","max-snippet":"max-snippet:-1","max-image-preview":"max-image-preview:large","max-video-preview":"max-video-preview:-1"},"canonical":"https:\/\/thesocialgaminggroup.com\/no\/product\/sun-glo-silicone-spray-12-canisters\/","og_locale":"en_GB","og_type":"article","og_title":"Sun-Glo silikon\u00adspray for shuffleboard (12 bokser) - The Social Gaming Group - Norge","og_description":"Profesjonell silikonspray for shuffleboard \u2013 forbedrer gli, beskytter overflaten og forlenger sandens levetid. (12 bokser)","og_url":"https:\/\/thesocialgaminggroup.com\/no\/product\/sun-glo-silicone-spray-12-canisters\/","og_site_name":"The Social Gaming Group - Norge","article_modified_time":"2026-04-10T07:15:25+00:00","og_image":[{"width":1500,"height":1500,"url":"https:\/\/thesocialgaminggroup.com\/no\/wp-content\/uploads\/sites\/2\/2023\/10\/powders-silicone-spray.webp","type":"image\/webp"}],"twitter_card":"summary_large_image","twitter_misc":{"Estimated reading time":"1 minute"},"schema":{"@context":"https:\/\/schema.org","@graph":[{"@type":["WebPage","ItemPage"],"@id":"https:\/\/thesocialgaminggroup.com\/no\/product\/sun-glo-silicone-spray-12-canisters\/","url":"https:\/\/thesocialgaminggroup.com\/no\/product\/sun-glo-silicone-spray-12-canisters\/","name":"Sun-Glo silikon\u00adspray for shuffleboard (12 bokser) - The Social Gaming Group - Norge","isPartOf":{"@id":"https:\/\/thesocialgaminggroup.com\/no\/#website"},"primaryImageOfPage":{"@id":"https:\/\/thesocialgaminggroup.com\/no\/product\/sun-glo-silicone-spray-12-canisters\/#primaryimage"},"image":{"@id":"https:\/\/thesocialgaminggroup.com\/no\/product\/sun-glo-silicone-spray-12-canisters\/#primaryimage"},"thumbnailUrl":"https:\/\/thesocialgaminggroup.com\/no\/wp-content\/uploads\/sites\/2\/2023\/10\/powders-silicone-spray.webp","datePublished":"2023-10-24T15:13:14+00:00","dateModified":"2026-04-10T07:15:25+00:00","breadcrumb":{"@id":"https:\/\/thesocialgaminggroup.com\/no\/product\/sun-glo-silicone-spray-12-canisters\/#breadcrumb"},"inLanguage":"en-GB","potentialAction":[{"@type":"ReadAction","target":["https:\/\/thesocialgaminggroup.com\/no\/product\/sun-glo-silicone-spray-12-canisters\/"]}]},{"@type":"ImageObject","inLanguage":"en-GB","@id":"https:\/\/thesocialgaminggroup.com\/no\/product\/sun-glo-silicone-spray-12-canisters\/#primaryimage","url":"https:\/\/thesocialgaminggroup.com\/no\/wp-content\/uploads\/sites\/2\/2023\/10\/powders-silicone-spray.webp","contentUrl":"https:\/\/thesocialgaminggroup.com\/no\/wp-content\/uploads\/sites\/2\/2023\/10\/powders-silicone-spray.webp","width":1500,"height":1500},{"@type":"WebSite","@id":"https:\/\/thesocialgaminggroup.com\/no\/#website","url":"https:\/\/thesocialgaminggroup.com\/no\/","name":"The Social Gaming Group - Norge","description":"Seriously great games.","publisher":{"@id":"https:\/\/thesocialgaminggroup.com\/no\/#organization"},"potentialAction":[{"@type":"SearchAction","target":{"@type":"EntryPoint","urlTemplate":"https:\/\/thesocialgaminggroup.com\/no\/?s={search_term_string}"},"query-input":{"@type":"PropertyValueSpecification","valueRequired":true,"valueName":"search_term_string"}}],"inLanguage":"en-GB"},{"@type":"Organization","@id":"https:\/\/thesocialgaminggroup.com\/no\/#organization","name":"Social Gaming Group","url":"https:\/\/thesocialgaminggroup.com\/no\/","logo":{"@type":"ImageObject","inLanguage":"en-GB","@id":"https:\/\/thesocialgaminggroup.com\/no\/#\/schema\/logo\/image\/","url":"https:\/\/thesocialgaminggroup.com\/no\/wp-content\/uploads\/sites\/2\/2023\/09\/logo-SGG.png","contentUrl":"https:\/\/thesocialgaminggroup.com\/no\/wp-content\/uploads\/sites\/2\/2023\/09\/logo-SGG.png","width":259,"height":106,"caption":"Social Gaming Group"},"image":{"@id":"https:\/\/thesocialgaminggroup.com\/no\/#\/schema\/logo\/image\/"}}]}},"_links":{"self":[{"href":"https:\/\/thesocialgaminggroup.com\/no\/wp-json\/wp\/v2\/product\/1080","targetHints":{"allow":["GET"]}}],"collection":[{"href":"https:\/\/thesocialgaminggroup.com\/no\/wp-json\/wp\/v2\/product"}],"about":[{"href":"https:\/\/thesocialgaminggroup.com\/no\/wp-json\/wp\/v2\/types\/product"}],"wp:featuredmedia":[{"embeddable":true,"href":"https:\/\/thesocialgaminggroup.com\/no\/wp-json\/wp\/v2\/media\/1116"}],"wp:attachment":[{"href":"https:\/\/thesocialgaminggroup.com\/no\/wp-json\/wp\/v2\/media?parent=1080"}],"wp:term":[{"taxonomy":"product_brand","embeddable":true,"href":"https:\/\/thesocialgaminggroup.com\/no\/wp-json\/wp\/v2\/product_brand?post=1080"},{"taxonomy":"product_cat","embeddable":true,"href":"https:\/\/thesocialgaminggroup.com\/no\/wp-json\/wp\/v2\/product_cat?post=1080"},{"taxonomy":"product_tag","embeddable":true,"href":"https:\/\/thesocialgaminggroup.com\/no\/wp-json\/wp\/v2\/product_tag?post=1080"}],"curies":[{"name":"wp","href":"https:\/\/api.w.org\/{rel}","templated":true}]}}